{"id":25,"date":"2015-10-15T15:32:49","date_gmt":"2015-10-15T15:32:49","guid":{"rendered":"http:\/\/wpoffice\/construction\/?page_id=25"},"modified":"2024-02-11T20:01:08","modified_gmt":"2024-02-11T20:01:08","slug":"service","status":"publish","type":"page","link":"https:\/\/bvh-ascenseur.com\/index.php\/service\/","title":{"rendered":"Service"},"content":{"rendered":"\n<style type=\"text\/css\" data-created_by=\"avia_inline_auto\" id=\"style-css-av-jgp69-b76c3b7361edb311d206c02391940d32\">\n#top .av-special-heading.av-jgp69-b76c3b7361edb311d206c02391940d32{\npadding-bottom:0;\n}\nbody .av-special-heading.av-jgp69-b76c3b7361edb311d206c02391940d32 .av-special-heading-tag .heading-char{\nfont-size:25px;\n}\n.av-special-heading.av-jgp69-b76c3b7361edb311d206c02391940d32 .av-subheading{\nfont-size:15px;\n}\n<\/style>\n<div  class='av-special-heading av-jgp69-b76c3b7361edb311d206c02391940d32 av-special-heading-h2 blockquote modern-quote modern-centered  avia-builder-el-0  el_before_av_hr  avia-builder-el-first '><h2 class='av-special-heading-tag'  itemprop=\"headline\"  >Our Services<\/h2><div class=\"special-heading-border\"><div class=\"special-heading-inner-border\"><\/div><\/div><\/div>\n\n<style type=\"text\/css\" data-created_by=\"avia_inline_auto\" id=\"style-css-av-iq0zl-2992ec0e62aa6d57d7c1f97fe73a6278\">\n#top .hr.av-iq0zl-2992ec0e62aa6d57d7c1f97fe73a6278{\nmargin-top:5px;\nmargin-bottom:35px;\n}\n.hr.av-iq0zl-2992ec0e62aa6d57d7c1f97fe73a6278 .hr-inner{\nwidth:50px;\nborder-color:#efbb20;\n}\n<\/style>\n<div  class='hr av-iq0zl-2992ec0e62aa6d57d7c1f97fe73a6278 hr-custom  avia-builder-el-1  el_after_av_heading  el_before_av_one_third  hr-center hr-icon-no'><span class='hr-inner inner-border-av-border-fat'><span class=\"hr-inner-style\"><\/span><\/span><\/div>\n\n<style type=\"text\/css\" data-created_by=\"avia_inline_auto\" id=\"style-css-av-38vqh-f7b9ed893b5998d4115691cdb3dadf74\">\n.flex_column.av-38vqh-f7b9ed893b5998d4115691cdb3dadf74{\n-webkit-border-radius:0px 0px 0px 0px;\n-moz-border-radius:0px 0px 0px 0px;\nborder-radius:0px 0px 0px 0px;\npadding:0px 0px 0px 0px;\n}\n<\/style>\n<div class='flex_column av-38vqh-f7b9ed893b5998d4115691cdb3dadf74 av_one_third  avia-builder-el-2  el_after_av_hr  el_before_av_one_third  first flex_column_div av-animated-generic bottom-to-top av-zero-column-padding avia-link-column av-column-link '    data-link-column-url=\"https:\/\/bvh-ascenseur.com\/index.php\/service\/\"   ><a class=\"av-screen-reader-only\" href=https:\/\/bvh-ascenseur.com\/index.php\/service\/ >Follow a manual added link<\/a><p>\n<style type=\"text\/css\" data-created_by=\"avia_inline_auto\" id=\"style-css-av-2yrm5-c8e8c522332ca2c62a0bad710b345799\">\n.avia-image-container.av-2yrm5-c8e8c522332ca2c62a0bad710b345799 img.avia_image{\nbox-shadow:none;\n}\n.avia-image-container.av-2yrm5-c8e8c522332ca2c62a0bad710b345799 .av-image-caption-overlay-center{\ncolor:#ffffff;\n}\n<\/style>\n<div  class='avia-image-container av-2yrm5-c8e8c522332ca2c62a0bad710b345799 av-styling-no-styling avia-align-center  avia-builder-el-3  el_before_av_heading  avia-builder-el-first '   itemprop=\"image\" itemscope=\"itemscope\" itemtype=\"https:\/\/schema.org\/ImageObject\" ><div class=\"avia-image-container-inner\"><div class=\"avia-image-overlay-wrap\"><a href=\"#\" class='avia_image' ><img fetchpriority=\"high\" fetchpriority=\"high\" decoding=\"async\" class='wp-image-282 avia-img-lazy-loading-not-282 avia_image ' src=\"https:\/\/bvh-ascenseur.com\/wp-content\/uploads\/2024\/02\/G9-300x200.jpg\" alt='' title='G9'  height=\"200\" width=\"300\"  itemprop=\"thumbnailUrl\" srcset=\"https:\/\/bvh-ascenseur.com\/wp-content\/uploads\/2024\/02\/G9-300x200.jpg 300w, https:\/\/bvh-ascenseur.com\/wp-content\/uploads\/2024\/02\/G9.jpg 640w\" sizes=\"(max-width: 300px) 100vw, 300px\" \/><\/a><\/div><\/div><\/div><br \/>\n\n<style type=\"text\/css\" data-created_by=\"avia_inline_auto\" id=\"style-css-av-211c9-5004cb8148220ac08a5d986ad92c8159\">\n#top .av-special-heading.av-211c9-5004cb8148220ac08a5d986ad92c8159{\npadding-bottom:0;\n}\nbody .av-special-heading.av-211c9-5004cb8148220ac08a5d986ad92c8159 .av-special-heading-tag .heading-char{\nfont-size:25px;\n}\n.av-special-heading.av-211c9-5004cb8148220ac08a5d986ad92c8159 .av-subheading{\nfont-size:15px;\n}\n<\/style>\n<div  class='av-special-heading av-211c9-5004cb8148220ac08a5d986ad92c8159 av-special-heading-h3 blockquote modern-quote  avia-builder-el-4  el_after_av_image  el_before_av_hr '><h3 class='av-special-heading-tag'  itemprop=\"headline\"  >Installation <span class='special_amp'>&amp;<\/span> Maintenance<\/h3><div class=\"special-heading-border\"><div class=\"special-heading-inner-border\"><\/div><\/div><\/div><br \/>\n\n<style type=\"text\/css\" data-created_by=\"avia_inline_auto\" id=\"style-css-av-191s1-bc1905e5efc96a5add3dae9f3fedbfe0\">\n#top .hr.av-191s1-bc1905e5efc96a5add3dae9f3fedbfe0{\nmargin-top:10px;\nmargin-bottom:10px;\n}\n.hr.av-191s1-bc1905e5efc96a5add3dae9f3fedbfe0 .hr-inner{\nwidth:50px;\nborder-color:#efbb20;\n}\n<\/style>\n<div  class='hr av-191s1-bc1905e5efc96a5add3dae9f3fedbfe0 hr-custom  avia-builder-el-5  el_after_av_heading  el_before_av_textblock  hr-left hr-icon-no'><span class='hr-inner inner-border-av-border-fat'><span class=\"hr-inner-style\"><\/span><\/span><\/div><br \/>\n<section  class='av_textblock_section av-11emh-345edc1683745806d53871b732bbe029'  itemscope=\"itemscope\" itemtype=\"https:\/\/schema.org\/CreativeWork\" ><div class='avia_textblock'  itemprop=\"text\" ><p>Notre service d&#8217;Installation &amp; Maintenance d&#8217;ascenseurs est con\u00e7u pour offrir \u00e0 nos clients une exp\u00e9rience sans souci et s\u00e9curis\u00e9e d\u00e8s le premier jour. Que vous envisagiez d&#8217;installer un nouvel ascenseur ou un escalier m\u00e9canique ou de moderniser un syst\u00e8me existant, notre \u00e9quipe d&#8217;experts est l\u00e0 pour vous accompagner \u00e0 chaque \u00e9tape du processus.<\/p>\n<\/div><\/section><\/p><\/div>\n<style type=\"text\/css\" data-created_by=\"avia_inline_auto\" id=\"style-css-av-6bvkh-442028a14e5c1d604ff51b917c4cb975\">\n.flex_column.av-6bvkh-442028a14e5c1d604ff51b917c4cb975{\n-webkit-border-radius:0px 0px 0px 0px;\n-moz-border-radius:0px 0px 0px 0px;\nborder-radius:0px 0px 0px 0px;\npadding:0px 0px 0px 0px;\n}\n<\/style>\n<div class='flex_column av-6bvkh-442028a14e5c1d604ff51b917c4cb975 av_one_third  avia-builder-el-7  el_after_av_one_third  el_before_av_one_third  flex_column_div av-animated-generic bottom-to-top av-zero-column-padding avia-link-column av-column-link '    data-link-column-url=\"https:\/\/bvh-ascenseur.com\/index.php\/service\/\"   ><a class=\"av-screen-reader-only\" href=https:\/\/bvh-ascenseur.com\/index.php\/service\/ >Follow a manual added link<\/a><p>\n<style type=\"text\/css\" data-created_by=\"avia_inline_auto\" id=\"style-css-av-jwlx-0e8b282bb2ece5eb5e74c0c3021ae2a2\">\n.avia-image-container.av-jwlx-0e8b282bb2ece5eb5e74c0c3021ae2a2 img.avia_image{\nbox-shadow:none;\n}\n.avia-image-container.av-jwlx-0e8b282bb2ece5eb5e74c0c3021ae2a2 .av-image-caption-overlay-center{\ncolor:#ffffff;\n}\n<\/style>\n<div  class='avia-image-container av-jwlx-0e8b282bb2ece5eb5e74c0c3021ae2a2 av-styling-no-styling avia-align-center  avia-builder-el-8  el_before_av_heading  avia-builder-el-first '   itemprop=\"image\" itemscope=\"itemscope\" itemtype=\"https:\/\/schema.org\/ImageObject\" ><div class=\"avia-image-container-inner\"><div class=\"avia-image-overlay-wrap\"><a href=\"#\" class='avia_image' ><img decoding=\"async\" class='wp-image-283 avia-img-lazy-loading-not-283 avia_image ' src=\"https:\/\/bvh-ascenseur.com\/wp-content\/uploads\/2024\/02\/maintenance-ascenseur-300x200.jpg\" alt='' title='maintenance-ascenseur'  height=\"200\" width=\"300\"  itemprop=\"thumbnailUrl\" srcset=\"https:\/\/bvh-ascenseur.com\/wp-content\/uploads\/2024\/02\/maintenance-ascenseur-300x200.jpg 300w, https:\/\/bvh-ascenseur.com\/wp-content\/uploads\/2024\/02\/maintenance-ascenseur-1030x685.jpg 1030w, https:\/\/bvh-ascenseur.com\/wp-content\/uploads\/2024\/02\/maintenance-ascenseur-768x511.jpg 768w, https:\/\/bvh-ascenseur.com\/wp-content\/uploads\/2024\/02\/maintenance-ascenseur-705x469.jpg 705w, https:\/\/bvh-ascenseur.com\/wp-content\/uploads\/2024\/02\/maintenance-ascenseur.jpg 1183w\" sizes=\"(max-width: 300px) 100vw, 300px\" \/><\/a><\/div><\/div><\/div><br \/>\n\n<style type=\"text\/css\" data-created_by=\"avia_inline_auto\" id=\"style-css-av-52ya9-df45d250a28379efb1608a591ae3da3d\">\n#top .av-special-heading.av-52ya9-df45d250a28379efb1608a591ae3da3d{\npadding-bottom:0;\n}\nbody .av-special-heading.av-52ya9-df45d250a28379efb1608a591ae3da3d .av-special-heading-tag .heading-char{\nfont-size:25px;\n}\n.av-special-heading.av-52ya9-df45d250a28379efb1608a591ae3da3d .av-subheading{\nfont-size:15px;\n}\n<\/style>\n<div  class='av-special-heading av-52ya9-df45d250a28379efb1608a591ae3da3d av-special-heading-h3 blockquote modern-quote  avia-builder-el-9  el_after_av_image  el_before_av_hr '><h3 class='av-special-heading-tag'  itemprop=\"headline\"  >Accompagnement Organisme de Contr\u00f4le<\/h3><div class=\"special-heading-border\"><div class=\"special-heading-inner-border\"><\/div><\/div><\/div><br \/>\n\n<style type=\"text\/css\" data-created_by=\"avia_inline_auto\" id=\"style-css-av-4phpt-7b731f0f29c9cc19c3014266c7c1daee\">\n#top .hr.av-4phpt-7b731f0f29c9cc19c3014266c7c1daee{\nmargin-top:10px;\nmargin-bottom:10px;\n}\n.hr.av-4phpt-7b731f0f29c9cc19c3014266c7c1daee .hr-inner{\nwidth:50px;\nborder-color:#efbb20;\n}\n<\/style>\n<div  class='hr av-4phpt-7b731f0f29c9cc19c3014266c7c1daee hr-custom  avia-builder-el-10  el_after_av_heading  el_before_av_textblock  hr-left hr-icon-no'><span class='hr-inner inner-border-av-border-fat'><span class=\"hr-inner-style\"><\/span><\/span><\/div><br \/>\n<section  class='av_textblock_section av-42xix-a0e5dfb7d77df7d451eb89a88fb94621'  itemscope=\"itemscope\" itemtype=\"https:\/\/schema.org\/CreativeWork\" ><div class='avia_textblock'  itemprop=\"text\" ><p>Notre \u00e9quipe d&#8217;experts chevronn\u00e9s vous guidera \u00e0 travers toutes les \u00e9tapes n\u00e9cessaires pour pr\u00e9parer votre ascenseur \u00e0 l&#8217;inspection par un organisme de contr\u00f4le. De la pr\u00e9paration de la documentation requise \u00e0 la r\u00e9alisation des ajustements techniques n\u00e9cessaires, nous veillerons \u00e0 ce que votre ascenseur soit pr\u00eat \u00e0 passer avec succ\u00e8s les examens de conformit\u00e9.<\/p>\n<\/div><\/section><\/p><\/div><\/p>\n\n<style type=\"text\/css\" data-created_by=\"avia_inline_auto\" id=\"style-css-av-35e1h-4e89370927ac2f584e6254dce7e93c71\">\n.flex_column.av-35e1h-4e89370927ac2f584e6254dce7e93c71{\n-webkit-border-radius:0px 0px 0px 0px;\n-moz-border-radius:0px 0px 0px 0px;\nborder-radius:0px 0px 0px 0px;\npadding:0px 0px 0px 0px;\n}\n<\/style>\n<div class='flex_column av-35e1h-4e89370927ac2f584e6254dce7e93c71 av_one_third  avia-builder-el-12  el_after_av_one_third  avia-builder-el-last  flex_column_div av-animated-generic bottom-to-top av-zero-column-padding avia-link-column av-column-link '    data-link-column-url=\"https:\/\/bvh-ascenseur.com\/index.php\/service\/\"   ><a class=\"av-screen-reader-only\" href=https:\/\/bvh-ascenseur.com\/index.php\/service\/ >Follow a manual added link<\/a><p>\n<style type=\"text\/css\" data-created_by=\"avia_inline_auto\" id=\"style-css-av-2otqt-89bcd3fe2bf89fd49a1bba718c06b05a\">\n.avia-image-container.av-2otqt-89bcd3fe2bf89fd49a1bba718c06b05a img.avia_image{\nbox-shadow:none;\n}\n.avia-image-container.av-2otqt-89bcd3fe2bf89fd49a1bba718c06b05a .av-image-caption-overlay-center{\ncolor:#ffffff;\n}\n<\/style>\n<div  class='avia-image-container av-2otqt-89bcd3fe2bf89fd49a1bba718c06b05a av-styling-no-styling avia-align-center  avia-builder-el-13  el_before_av_heading  avia-builder-el-first '   itemprop=\"image\" itemscope=\"itemscope\" itemtype=\"https:\/\/schema.org\/ImageObject\" ><div class=\"avia-image-container-inner\"><div class=\"avia-image-overlay-wrap\"><a href=\"#\" class='avia_image' ><img decoding=\"async\" class='wp-image-284 avia-img-lazy-loading-not-284 avia_image ' src=\"https:\/\/bvh-ascenseur.com\/wp-content\/uploads\/2024\/02\/G2-300x200.jpg\" alt='' title='G2'  height=\"200\" width=\"300\"  itemprop=\"thumbnailUrl\" srcset=\"https:\/\/bvh-ascenseur.com\/wp-content\/uploads\/2024\/02\/G2-300x200.jpg 300w, https:\/\/bvh-ascenseur.com\/wp-content\/uploads\/2024\/02\/G2.jpg 640w\" sizes=\"(max-width: 300px) 100vw, 300px\" \/><\/a><\/div><\/div><\/div><br \/>\n\n<style type=\"text\/css\" data-created_by=\"avia_inline_auto\" id=\"style-css-av-24nqp-2026b4231afab3dcbe9d1309e7f03735\">\n#top .av-special-heading.av-24nqp-2026b4231afab3dcbe9d1309e7f03735{\npadding-bottom:0;\n}\nbody .av-special-heading.av-24nqp-2026b4231afab3dcbe9d1309e7f03735 .av-special-heading-tag .heading-char{\nfont-size:25px;\n}\n.av-special-heading.av-24nqp-2026b4231afab3dcbe9d1309e7f03735 .av-subheading{\nfont-size:15px;\n}\n<\/style>\n<div  class='av-special-heading av-24nqp-2026b4231afab3dcbe9d1309e7f03735 av-special-heading-h3 blockquote modern-quote  avia-builder-el-14  el_after_av_image  el_before_av_hr '><h3 class='av-special-heading-tag'  itemprop=\"headline\"  >Nettoyage apr\u00e9s l\u2019installation et la maintenance<\/h3><div class=\"special-heading-border\"><div class=\"special-heading-inner-border\"><\/div><\/div><\/div><br \/>\n\n<style type=\"text\/css\" data-created_by=\"avia_inline_auto\" id=\"style-css-av-1jih5-af0d9a801f3d3078de7f1014241ca8bb\">\n#top .hr.av-1jih5-af0d9a801f3d3078de7f1014241ca8bb{\nmargin-top:10px;\nmargin-bottom:10px;\n}\n.hr.av-1jih5-af0d9a801f3d3078de7f1014241ca8bb .hr-inner{\nwidth:50px;\nborder-color:#efbb20;\n}\n<\/style>\n<div  class='hr av-1jih5-af0d9a801f3d3078de7f1014241ca8bb hr-custom  avia-builder-el-15  el_after_av_heading  el_before_av_textblock  hr-left hr-icon-no'><span class='hr-inner inner-border-av-border-fat'><span class=\"hr-inner-style\"><\/span><\/span><\/div><br \/>\n<section  class='av_textblock_section av-10glh-9ac04d0dc6911d4dda011e136b9bd0ea'  itemscope=\"itemscope\" itemtype=\"https:\/\/schema.org\/CreativeWork\" ><div class='avia_textblock'  itemprop=\"text\" ><p>Notre service de nettoyage est flexible et s&#8217;adapte \u00e0 vos besoins sp\u00e9cifiques. Que vous ayez besoin d&#8217;un nettoyage ponctuel apr\u00e8s une intervention ou d&#8217;un programme r\u00e9gulier d&#8217;entretien, nous sommes l\u00e0 pour vous fournir une solution sur mesure qui r\u00e9pond \u00e0 vos attentes en termes de propret\u00e9 et d&#8217;hygi\u00e8ne.<\/p>\n<\/div><\/section><\/p><\/div>\n","protected":false},"excerpt":{"rendered":"","protected":false},"author":1,"featured_media":0,"parent":0,"menu_order":0,"comment_status":"closed","ping_status":"closed","template":"","meta":{"footnotes":""},"class_list":["post-25","page","type-page","status-publish","hentry"],"_links":{"self":[{"href":"https:\/\/bvh-ascenseur.com\/index.php\/wp-json\/wp\/v2\/pages\/25","targetHints":{"allow":["GET"]}}],"collection":[{"href":"https:\/\/bvh-ascenseur.com\/index.php\/wp-json\/wp\/v2\/pages"}],"about":[{"href":"https:\/\/bvh-ascenseur.com\/index.php\/wp-json\/wp\/v2\/types\/page"}],"author":[{"embeddable":true,"href":"https:\/\/bvh-ascenseur.com\/index.php\/wp-json\/wp\/v2\/users\/1"}],"replies":[{"embeddable":true,"href":"https:\/\/bvh-ascenseur.com\/index.php\/wp-json\/wp\/v2\/comments?post=25"}],"version-history":[{"count":5,"href":"https:\/\/bvh-ascenseur.com\/index.php\/wp-json\/wp\/v2\/pages\/25\/revisions"}],"predecessor-version":[{"id":665,"href":"https:\/\/bvh-ascenseur.com\/index.php\/wp-json\/wp\/v2\/pages\/25\/revisions\/665"}],"wp:attachment":[{"href":"https:\/\/bvh-ascenseur.com\/index.php\/wp-json\/wp\/v2\/media?parent=25"}],"curies":[{"name":"wp","href":"https:\/\/api.w.org\/{rel}","templated":true}]}}